{"id":84,"date":"2023-05-26T11:13:13","date_gmt":"2023-05-26T09:13:13","guid":{"rendered":"https:\/\/p-ljsmdq.project.space\/?page_id=84"},"modified":"2023-05-26T11:13:13","modified_gmt":"2023-05-26T09:13:13","slug":"impressum","status":"publish","type":"page","link":"https:\/\/ggl.hund-otel.de\/?page_id=84","title":{"rendered":"Impressum"},"content":{"rendered":"<p>[et_pb_section fb_built=&#8221;1&#8243; admin_label=&#8221;Header&#8221; module_id=&#8221;home&#8221; _builder_version=&#8221;4.21.0&#8243; background_color=&#8221;#efebdc&#8221; background_image=&#8221;https:\/\/ggl.hund-otel.de\/wp-content\/uploads\/2023\/05\/DSC09891-1-scaled-1.jpg&#8221; min_height=&#8221;500px&#8221; height=&#8221;1000px&#8221; max_height=&#8221;1000px&#8221; overflow-x=&#8221;hidden&#8221; overflow-y=&#8221;hidden&#8221; hover_enabled=&#8221;0&#8243; background_last_edited=&#8221;off|desktop&#8221; parallax_tablet=&#8221;off&#8221; global_colors_info=&#8221;{}&#8221; min_height_last_edited=&#8221;on|phone&#8221; height_last_edited=&#8221;on|desktop&#8221; max_height_last_edited=&#8221;on|desktop&#8221; sticky_enabled=&#8221;0&#8243; max_height_tablet=&#8221;500px&#8221; min_height_tablet=&#8221;450px&#8221; min_height_phone=&#8221;250px&#8221; max_height_phone=&#8221;300px&#8221; height_tablet=&#8221;1000px&#8221; height_phone=&#8221;1000px&#8221;][et_pb_row _builder_version=&#8221;4.21.0&#8243; _module_preset=&#8221;default&#8221; global_colors_info=&#8221;{}&#8221;][et_pb_column type=&#8221;4_4&#8243; _builder_version=&#8221;4.21.0&#8243; _module_preset=&#8221;default&#8221; global_colors_info=&#8221;{}&#8221;][et_pb_text _builder_version=&#8221;4.21.0&#8243; text_font=&#8221;||||||||&#8221; text_font_size=&#8221;16px&#8221; text_line_height=&#8221;1.8em&#8221; header_font=&#8221;||||||||&#8221; header_2_font=&#8221;Amatic SC|700|||||||&#8221; header_2_font_size=&#8221;80px&#8221; header_2_line_height=&#8221;1.2em&#8221; text_orientation=&#8221;center&#8221; max_width=&#8221;700px&#8221; module_alignment=&#8221;center&#8221; custom_margin=&#8221;|157px||||&#8221; header_2_font_size_tablet=&#8221;60px&#8221; header_2_font_size_phone=&#8221;32px&#8221; header_2_font_size_last_edited=&#8221;on|phone&#8221; global_colors_info=&#8221;{}&#8221;][\/et_pb_text][\/et_pb_column][\/et_pb_row][\/et_pb_section][et_pb_section fb_built=&#8221;1&#8243; admin_label=&#8221;About&#8221; _builder_version=&#8221;4.21.0&#8243; background_color=&#8221;#efebdc&#8221; background_image=&#8221;https:\/\/ggl.hund-otel.de\/wp-content\/uploads\/2023\/05\/dog-walker-11.png&#8221; background_size=&#8221;initial&#8221; custom_padding=&#8221;|||||&#8221; global_colors_info=&#8221;{}&#8221;][et_pb_row custom_padding_last_edited=&#8221;on|desktop&#8221; _builder_version=&#8221;4.21.0&#8243; background_color=&#8221;#ffffff&#8221; width_tablet=&#8221;&#8221; width_phone=&#8221;90%&#8221; width_last_edited=&#8221;on|desktop&#8221; overflow-x=&#8221;visible&#8221; overflow-y=&#8221;visible&#8221; custom_padding=&#8221;60px|40px|60px|40px|true|true&#8221; custom_padding_tablet=&#8221;&#8221; custom_padding_phone=&#8221;|30px||30px|false|true&#8221; border_radii=&#8221;on|40px|40px|40px|40px&#8221; box_shadow_style=&#8221;preset3&#8243; box_shadow_horizontal=&#8221;16px&#8221; box_shadow_vertical=&#8221;16px&#8221; box_shadow_blur=&#8221;48px&#8221; box_shadow_spread=&#8221;-8px&#8221; box_shadow_color=&#8221;rgba(0,0,0,0.19)&#8221; locked=&#8221;off&#8221; global_colors_info=&#8221;{}&#8221;][et_pb_column type=&#8221;4_4&#8243; _builder_version=&#8221;4.16&#8243; global_colors_info=&#8221;{}&#8221;][et_pb_text _builder_version=&#8221;4.16&#8243; text_font=&#8221;||||||||&#8221; text_font_size=&#8221;16px&#8221; text_line_height=&#8221;1.8em&#8221; header_font=&#8221;||||||||&#8221; header_2_font=&#8221;Amatic SC|700|||||||&#8221; header_2_font_size=&#8221;80px&#8221; header_2_line_height=&#8221;1.2em&#8221; text_orientation=&#8221;center&#8221; max_width=&#8221;700px&#8221; module_alignment=&#8221;center&#8221; custom_margin=&#8221;|157px||||&#8221; header_2_font_size_tablet=&#8221;60px&#8221; header_2_font_size_phone=&#8221;32px&#8221; header_2_font_size_last_edited=&#8221;on|phone&#8221; global_colors_info=&#8221;{}&#8221;]<\/p>\n<h2>Impressum<\/h2>\n<p>[\/et_pb_text][et_pb_text _builder_version=&#8221;4.16&#8243; text_font=&#8221;||||||||&#8221; text_font_size=&#8221;18px&#8221; text_line_height=&#8221;2em&#8221; header_font=&#8221;||||||||&#8221; header_2_font=&#8221;Amatic SC|700|||||||&#8221; header_2_font_size=&#8221;42px&#8221; header_2_line_height=&#8221;1.2em&#8221; text_orientation=&#8221;center&#8221; module_alignment=&#8221;center&#8221; text_font_size_tablet=&#8221;&#8221; text_font_size_phone=&#8221;16px&#8221; text_font_size_last_edited=&#8221;on|desktop&#8221; header_2_font_size_tablet=&#8221;&#8221; header_2_font_size_phone=&#8221;32px&#8221; header_2_font_size_last_edited=&#8221;on|desktop&#8221; global_colors_info=&#8221;{}&#8221;]<\/p>\n<p style=\"font-weight: 400;\"><strong>\u00a0<\/strong><\/p>\n<p style=\"font-weight: 400;\"><strong>Angaben gem\u00e4\u00df \u00a7 5 TMG<\/strong><\/p>\n<p style=\"font-weight: 400;\">Jeannine Zech<\/p>\n<p style=\"font-weight: 400;\">Hundetagesbetreuung und Hundepension Hund-otel<\/p>\n<p style=\"font-weight: 400;\">Funkenhausen 16<\/p>\n<p style=\"font-weight: 400;\">53577 Neustadt \/ Wied<\/p>\n<p style=\"font-weight: 400;\">\u00a0<\/p>\n<p style=\"font-weight: 400;\"><strong>Kontakt<\/strong><\/p>\n<p style=\"font-weight: 400;\">Telefon: 0172-6546136<\/p>\n<p style=\"font-weight: 400;\">E-Mail: <a href=\"mailto:info@hund-otel.de\">info@hund-otel.de<\/a><\/p>\n<p style=\"font-weight: 400;\">\u00a0<\/p>\n<p style=\"font-weight: 400;\"><strong>Aufsichtsbeh\u00f6rde<\/strong><\/p>\n<p style=\"font-weight: 400;\">Veterin\u00e4ramt neuwied<\/p>\n<p style=\"font-weight: 400;\">Ringstra\u00dfe 70<\/p>\n<p style=\"font-weight: 400;\">56564 Neuwied<\/p>\n<p style=\"font-weight: 400;\"><a href=\"https:\/\/kreis-neuwied.de\/\">https:\/\/kreis-neuwied.de<\/a><\/p>\n<p style=\"font-weight: 400;\">\u00a0<\/p>\n<p style=\"font-weight: 400;\"><strong>Verbraucherstreitbeilegung\/Universalschlichtungsstelle<\/strong><\/p>\n<p>Wir sind nicht bereit oder verpflichtet, an Streitbeteiligungsverfahrung vor einer Verbraucherschlichtungsstelle teilzunehmen.<\/p>\n<p>&nbsp;<\/p>\n<p>[\/et_pb_text][\/et_pb_column][\/et_pb_row][\/et_pb_section]<\/p>\n","protected":false},"excerpt":{"rendered":"<p>Impressum\u00a0 Angaben gem\u00e4\u00df \u00a7 5 TMG Jeannine Zech Hundetagesbetreuung und Hundepension Hund-otel Funkenhausen 16 53577 Neustadt \/ Wied \u00a0 Kontakt Telefon: 0172-6546136 E-Mail: info@hund-otel.de \u00a0 Aufsichtsbeh\u00f6rde Veterin\u00e4ramt neuwied Ringstra\u00dfe 70 56564 Neuwied https:\/\/kreis-neuwied.de \u00a0 Verbraucherstreitbeilegung\/Universalschlichtungsstelle Wir sind nicht bereit oder verpflichtet, an Streitbeteiligungsverfahrung vor einer Verbraucherschlichtungsstelle teilzunehmen. &nbsp;<\/p>\n","protected":false},"author":1,"featured_media":0,"parent":0,"menu_order":0,"comment_status":"closed","ping_status":"closed","template":"","meta":{"_et_pb_use_builder":"on","_et_pb_old_content":"","_et_gb_content_width":"","footnotes":""},"class_list":["post-84","page","type-page","status-publish","hentry"],"_links":{"self":[{"href":"https:\/\/ggl.hund-otel.de\/index.php?rest_route=\/wp\/v2\/pages\/84","targetHints":{"allow":["GET"]}}],"collection":[{"href":"https:\/\/ggl.hund-otel.de\/index.php?rest_route=\/wp\/v2\/pages"}],"about":[{"href":"https:\/\/ggl.hund-otel.de\/index.php?rest_route=\/wp\/v2\/types\/page"}],"author":[{"embeddable":true,"href":"https:\/\/ggl.hund-otel.de\/index.php?rest_route=\/wp\/v2\/users\/1"}],"replies":[{"embeddable":true,"href":"https:\/\/ggl.hund-otel.de\/index.php?rest_route=%2Fwp%2Fv2%2Fcomments&post=84"}],"version-history":[{"count":0,"href":"https:\/\/ggl.hund-otel.de\/index.php?rest_route=\/wp\/v2\/pages\/84\/revisions"}],"wp:attachment":[{"href":"https:\/\/ggl.hund-otel.de\/index.php?rest_route=%2Fwp%2Fv2%2Fmedia&parent=84"}],"curies":[{"name":"wp","href":"https:\/\/api.w.org\/{rel}","templated":true}]}}